{"id":210,"date":"2008-08-08T18:57:09","date_gmt":"2008-08-08T16:57:09","guid":{"rendered":"http:\/\/www.cartouche-power.com\/?page_id=210"},"modified":"2019-02-02T14:23:14","modified_gmt":"2019-02-02T13:23:14","slug":"les-gammes","status":"publish","type":"page","link":"https:\/\/www.cartouche-power.com\/en\/sega-master-system\/les-gammes\/","title":{"rendered":"Les gammes"},"content":{"rendered":"<p>Comme en musique, nous avons les gammes : les gammes sont des jeux qui partagent un \u00e9l\u00e9ment particulier, voire remarquable, comme une \u00e9l\u00e9ment visuel, une s\u00e9rie, une \u00e9dition sp\u00e9ciale ou encore un \u00e9l\u00e9ment technique (collectionner toutes les cartouches de 24 Mbits sur Megadrive). Il s&#8217;agit de mini-collections en somme.<\/p>\n<p>La liste qui suit est personnelle, contestable, modifiable, etc. Mais elle est tr\u00e8s d\u00e9fendable. Donc, nous trouvons :<\/p>\n<ol>\n<li style=\"margin-top:10px;\">Les <strong>11 jeux au format carte<\/strong> : sortis \u00e0 l&#8217;\u00e9poque du premier mod\u00e8le de la Master System, ces jeux, de quelques kilo-octets (32 Ko pour \u00eatre pr\u00e9cis), sont devenus assez rares, avec notamment le jeu <em>Great Soccer<\/em> sortis en carte seulement en Allemagne. Liste des jeux : <em>Bank Panic, F-16 Fighting Falcon, F-16 Fighter, Ghost House, Great Soccer, Hang On, My Hero, Spy vs Spy, Super Tennis, Teddy Boy,<\/em> et <em>Transbot<\/em>.\n<p><div id=\"attachment_392\" style=\"width: 310px\" class=\"wp-caption aligncenter\"><a href=\"http:\/\/www.cartouche-power.com\/wp-content\/uploads\/2008\/08\/cartes_sega_master_system.jpg\"><img aria-describedby=\"caption-attachment-392\" loading=\"lazy\" class=\"size-medium wp-image-392\" title=\"cartes_sega_master_system\" src=\"http:\/\/www.cartouche-power.com\/wp-content\/uploads\/2008\/08\/cartes_sega_master_system-300x153.jpg\" alt=\"10 jeux Master System en carte\" width=\"300\" height=\"153\" srcset=\"http:\/\/static.cartouche-power.com\/2008\/08\/cartes_sega_master_system-300x153.jpg 300w, http:\/\/static.cartouche-power.com\/2008\/08\/cartes_sega_master_system.jpg 1024w\" sizes=\"(max-width: 300px) 100vw, 300px\" \/><\/a><p id=\"caption-attachment-392\" class=\"wp-caption-text\">10 jeux Master System en carte<\/p><\/div><\/li>\n<li style=\"margin-top:10px;\"><strong>Les 11 jeux am\u00e9ricains de la gamme &#8220;losange bleu&#8221;<\/strong> : il s&#8217;agit des jeux qui partagent un logo SMS particuli\u00e8rement r\u00e9ussi, utilis\u00e9 uniquement US, accompagn\u00e9 parfois de jaquettes originales. Les jeux de cette gamme sont : <em>Aerial Assault, Mickey Mouse Castle of Illusion, Columns, Dick Tracy, E-Swat, Ghouls\u2019n Ghosts, James Buster Douglas Knockout Boxing, Joe Montana Football, Moonwalker, Paperboy<\/em> et <em>Super Monaco GP<\/em>.\n<p><div id=\"attachment_216\" style=\"width: 173px\" class=\"wp-caption aligncenter\"><a href=\"http:\/\/www.cartouche-power.com\/wp-content\/uploads\/2008\/08\/logo_sms_us.png\"><img aria-describedby=\"caption-attachment-216\" loading=\"lazy\" class=\"size-full wp-image-216\" title=\"logo_sms_us\" src=\"http:\/\/www.cartouche-power.com\/wp-content\/uploads\/2008\/08\/logo_sms_us.png\" alt=\"Logo SMS USA triangle\" width=\"163\" height=\"62\" \/><\/a><p id=\"caption-attachment-216\" class=\"wp-caption-text\">Logo SMS USA 'losange bleu'<\/p><\/div><br \/>\n<div id=\"attachment_217\" style=\"width: 310px\" class=\"wp-caption aligncenter\"><a href=\"http:\/\/www.cartouche-power.com\/wp-content\/uploads\/2008\/08\/columns_us_200_60_r10.jpg\"><img aria-describedby=\"caption-attachment-217\" loading=\"lazy\" class=\"size-medium wp-image-217\" title=\"columns_us_200_60_r10\" src=\"http:\/\/www.cartouche-power.com\/wp-content\/uploads\/2008\/08\/columns_us_200_60_r10-300x191.jpg\" alt=\"Columns US pour Master System\" width=\"300\" height=\"191\" srcset=\"http:\/\/static.cartouche-power.com\/2008\/08\/columns_us_200_60_r10-300x191.jpg 300w, http:\/\/static.cartouche-power.com\/2008\/08\/columns_us_200_60_r10.jpg 1000w\" sizes=\"(max-width: 300px) 100vw, 300px\" \/><\/a><p id=\"caption-attachment-217\" class=\"wp-caption-text\">Columns US pour Master System<\/p><\/div><\/li>\n<table style=\"margin-left:auto;margin-right: auto;margin-top:40px;\" border=\"0\" cellspacing=\"0\" cellpadding=\"0\">\n<caption style=\"text)align:center;\"><em>Comparatif versions europ\u00e9enne\/am\u00e9ricaine<\/em><\/caption>\n<thead \/>\n<tbody>\n<tr>\n<td>\n<p><div id=\"attachment_365\" style=\"width: 310px\" class=\"wp-caption aligncenter\"><a href=\"http:\/\/www.cartouche-power.com\/wp-content\/uploads\/2008\/08\/mickey_castle_of_illusion_200_60_r10.jpg\"><img aria-describedby=\"caption-attachment-365\" loading=\"lazy\" class=\"size-medium wp-image-365\" title=\"mickey_castle_of_illusion_200_60_r10\" src=\"http:\/\/www.cartouche-power.com\/wp-content\/uploads\/2008\/08\/mickey_castle_of_illusion_200_60_r10-300x193.jpg\" alt=\"Mickey Castle of Illusion (UE) sur Master System\" width=\"300\" height=\"193\" srcset=\"http:\/\/static.cartouche-power.com\/2008\/08\/mickey_castle_of_illusion_200_60_r10-300x193.jpg 300w, http:\/\/static.cartouche-power.com\/2008\/08\/mickey_castle_of_illusion_200_60_r10.jpg 1000w\" sizes=\"(max-width: 300px) 100vw, 300px\" \/><\/a><p id=\"caption-attachment-365\" class=\"wp-caption-text\">Mickey Castle of Illusion (UE) sur Master System<\/p><\/div><\/td>\n<td>\n<p><div id=\"attachment_366\" style=\"width: 310px\" class=\"wp-caption aligncenter\"><a href=\"http:\/\/www.cartouche-power.com\/wp-content\/uploads\/2008\/08\/mickey_castle_of_illusion_us_200_60_r10.jpg\"><img aria-describedby=\"caption-attachment-366\" loading=\"lazy\" class=\"size-medium wp-image-366\" title=\"mickey_castle_of_illusion_us_200_60_r10\" src=\"http:\/\/www.cartouche-power.com\/wp-content\/uploads\/2008\/08\/mickey_castle_of_illusion_us_200_60_r10-300x193.jpg\" alt=\"Mickey Castle of Illusion (US) sur Master System\" width=\"300\" height=\"193\" srcset=\"http:\/\/static.cartouche-power.com\/2008\/08\/mickey_castle_of_illusion_us_200_60_r10-300x193.jpg 300w, http:\/\/static.cartouche-power.com\/2008\/08\/mickey_castle_of_illusion_us_200_60_r10.jpg 1000w\" sizes=\"(max-width: 300px) 100vw, 300px\" \/><\/a><p id=\"caption-attachment-366\" class=\"wp-caption-text\">Mickey Castle of Illusion (US) sur Master System<\/p><\/div><\/td>\n<\/tr>\n<\/tbody>\n<\/table>\n<\/li>\n<li style=\"margin-top:10px;\"><strong>Les 5 jeux \u00e9dit\u00e9s dans la collection <em>Kixx<\/em><\/strong> : gamme \u00e0 bas prix avec une jaquette bleue tr\u00e8s reconnaissable. Cette gamme est exclusivement europ\u00e9enne. Les jeux sont : <em>the Incredible Hulk, James Pond 2 : Codename Robocod, Road Rash, Star Wars et Winter Olympics<\/em>.\n<div id=\"attachment_219\" style=\"width: 310px\" class=\"wp-caption aligncenter\"><a href=\"http:\/\/www.cartouche-power.com\/wp-content\/uploads\/2008\/08\/james_pond_2_kixx_400_10_r.jpg\"><img aria-describedby=\"caption-attachment-219\" loading=\"lazy\" class=\"size-medium wp-image-219\" title=\"james_pond_2_kixx_400_10_r\" src=\"http:\/\/www.cartouche-power.com\/wp-content\/uploads\/2008\/08\/james_pond_2_kixx_400_10_r-300x193.jpg\" alt=\"James Pond 2 : Codename Robocod\" width=\"300\" height=\"193\" srcset=\"http:\/\/static.cartouche-power.com\/2008\/08\/james_pond_2_kixx_400_10_r-300x193.jpg 300w, http:\/\/static.cartouche-power.com\/2008\/08\/james_pond_2_kixx_400_10_r.jpg 1024w\" sizes=\"(max-width: 300px) 100vw, 300px\" \/><\/a><p id=\"caption-attachment-219\" class=\"wp-caption-text\">James Pond 2 : Codename Robocod<\/p><\/div>\n<p><div id=\"attachment_495\" style=\"width: 310px\" class=\"wp-caption aligncenter\"><a href=\"http:\/\/www.cartouche-power.com\/wp-content\/uploads\/2008\/09\/sms_kixx_r.jpg\"><img aria-describedby=\"caption-attachment-495\" loading=\"lazy\" class=\"size-medium wp-image-495\" title=\"sms_kixx_r\" src=\"http:\/\/www.cartouche-power.com\/wp-content\/uploads\/2008\/09\/sms_kixx_r-300x146.jpg\" alt=\"Quelques jeux Kixx pour Master System\" width=\"300\" height=\"146\" srcset=\"http:\/\/static.cartouche-power.com\/2008\/09\/sms_kixx_r-300x146.jpg 300w, http:\/\/static.cartouche-power.com\/2008\/09\/sms_kixx_r.jpg 1000w\" sizes=\"(max-width: 300px) 100vw, 300px\" \/><\/a><p id=\"caption-attachment-495\" class=\"wp-caption-text\">Quelques jeux Kixx pour Master System<\/p><\/div><\/li>\n<li style=\"margin-top:10px;\"><strong>Les 11 jeux \u00e9dit\u00e9s dans la collection <em>Classic<\/em><\/strong> : gamme \u00e0 bas prix avec une jaquette style &#8220;papier journal&#8221;. Cette gamme est exclusivement europ\u00e9enne. Les jeux sont : Ast\u00e9rix and the Secret Mission, Batman Returns, Desert Speedtrap, the Flash, the Lucky Dime Caper starring Donald Duck, Master of Darkness, the Ottifants, Robocop vs the Terminator (merci Ichigobankai), Super Monaco GP2, Winbledon et Wonderboy in Monster World.<br \/>Exemple pour <a title=\"the Ottifants \u00e9dition Classic pour SMS\" href=\"http:\/\/www.smspower.org\/Scans\/Ottifants-SMS-EU-Classic\" target=\"_blank\">The Ottifants<\/a> et <a title=\"Robocop vs the Terminator \u00e9dition Classic pour SMS\" href=\"http:\/\/www.smspower.org\/Scans\/RoboCopVersusTheTerminator-SMS-EU-Classic\" target=\"_blank\">Robocop vs the Terminator<\/a>.<\/li>\n<li style=\"margin-top:10px;\"><strong>Les 4 jeux <em>Activision<\/em><\/strong> : il s&#8217;agit de jeux sortis aux USA par <em>Activision<\/em>, qui a poss\u00e8dent une jaquette avec un fond color\u00e9 remarquable. <em>Les jeux sont : Bomber Raid (noir), Cyborg Hunter (noir), Galaxy Force (argent) et Rampage (rouge)<\/em>.\n<div id=\"attachment_223\" style=\"width: 310px\" class=\"wp-caption aligncenter\"><a href=\"http:\/\/www.cartouche-power.com\/wp-content\/uploads\/2008\/08\/rampage_us_200_60_r10.jpg\"><img aria-describedby=\"caption-attachment-223\" loading=\"lazy\" class=\"size-medium wp-image-223\" title=\"rampage_us_200_60_r10\" src=\"http:\/\/www.cartouche-power.com\/wp-content\/uploads\/2008\/08\/rampage_us_200_60_r10-300x191.jpg\" alt=\"Rampage US pour Master System\" width=\"300\" height=\"191\" srcset=\"http:\/\/static.cartouche-power.com\/2008\/08\/rampage_us_200_60_r10-300x191.jpg 300w, http:\/\/static.cartouche-power.com\/2008\/08\/rampage_us_200_60_r10.jpg 1000w\" sizes=\"(max-width: 300px) 100vw, 300px\" \/><\/a><p id=\"caption-attachment-223\" class=\"wp-caption-text\">Rampage US pour Master System<\/p><\/div>\n<div id=\"attachment_222\" style=\"width: 310px\" class=\"wp-caption aligncenter\"><a href=\"http:\/\/www.cartouche-power.com\/wp-content\/uploads\/2008\/08\/bomber_raid_us_200_60_r10.jpg\"><img aria-describedby=\"caption-attachment-222\" loading=\"lazy\" class=\"size-medium wp-image-222\" title=\"bomber_raid_us_200_60_r10\" src=\"http:\/\/www.cartouche-power.com\/wp-content\/uploads\/2008\/08\/bomber_raid_us_200_60_r10-300x192.jpg\" alt=\"Bomber Raid US pour Master System\" width=\"300\" height=\"192\" srcset=\"http:\/\/static.cartouche-power.com\/2008\/08\/bomber_raid_us_200_60_r10-300x192.jpg 300w, http:\/\/static.cartouche-power.com\/2008\/08\/bomber_raid_us_200_60_r10.jpg 1000w\" sizes=\"(max-width: 300px) 100vw, 300px\" \/><\/a><p id=\"caption-attachment-222\" class=\"wp-caption-text\">Bomber Raid US pour Master System<\/p><\/div>\n<p><div id=\"attachment_249\" style=\"width: 310px\" class=\"wp-caption aligncenter\"><a href=\"http:\/\/www.cartouche-power.com\/wp-content\/uploads\/2008\/08\/cyborg_hunter_us_200_60_r10.jpg\"><img aria-describedby=\"caption-attachment-249\" loading=\"lazy\" class=\"size-medium wp-image-249\" title=\"cyborg_hunter_us_200_60_r10\" src=\"http:\/\/www.cartouche-power.com\/wp-content\/uploads\/2008\/08\/cyborg_hunter_us_200_60_r10-300x191.jpg\" alt=\"Cyborg Hunter US pour Master System\" width=\"300\" height=\"191\" srcset=\"http:\/\/static.cartouche-power.com\/2008\/08\/cyborg_hunter_us_200_60_r10-300x191.jpg 300w, http:\/\/static.cartouche-power.com\/2008\/08\/cyborg_hunter_us_200_60_r10.jpg 1000w\" sizes=\"(max-width: 300px) 100vw, 300px\" \/><\/a><p id=\"caption-attachment-249\" class=\"wp-caption-text\">Cyborg Hunter US pour Master System<\/p><\/div><\/li>\n<li style=\"margin-top:10px;\"><strong>les 3 jeux <em>Codemasters<\/em><\/strong> : ces jeux sont tr\u00e8s sp\u00e9ciaux. Codemasters avait d\u00e9velopp\u00e9 ses propres cartouches, uniquement compatibles avec la Master System 2 : elles utilisaient un mode vid\u00e9o sp\u00e9cial, de leur cru. Bref, leur nom <em>Codemasters<\/em> n&#8217;\u00e9tait pas usurp\u00e9.\n<p><div id=\"attachment_389\" style=\"width: 310px\" class=\"wp-caption aligncenter\"><a href=\"http:\/\/www.cartouche-power.com\/wp-content\/uploads\/2008\/08\/serie_sms_codemasters.jpg\"><img aria-describedby=\"caption-attachment-389\" loading=\"lazy\" class=\"size-medium wp-image-389\" title=\"serie_sms_codemasters\" src=\"http:\/\/www.cartouche-power.com\/wp-content\/uploads\/2008\/08\/serie_sms_codemasters-300x134.jpg\" alt=\"Les 3 jeux Codemasters sur Master System\" width=\"300\" height=\"134\" srcset=\"http:\/\/static.cartouche-power.com\/2008\/08\/serie_sms_codemasters-300x134.jpg 300w, http:\/\/static.cartouche-power.com\/2008\/08\/serie_sms_codemasters.jpg 682w\" sizes=\"(max-width: 300px) 100vw, 300px\" \/><\/a><p id=\"caption-attachment-389\" class=\"wp-caption-text\">Les 3 jeux Codemasters sur Master System<\/p><\/div><\/li>\n<\/ol>\n<div class=\"wp-socializer wpsr-share-icons\" data-lg-action=\"show\" data-sm-action=\"show\" data-sm-width=\"768\"><h3>Share and Enjoy !<\/h3><div class=\"wpsr-si-inner\"><div class=\"wpsr-counter wpsrc-sz-32px\" style=\"color:#000\"><span class=\"scount\" data-wpsrs=\"\" data-wpsrs-svcs=\"facebook,twitter,pinterest,print\"><i class=\"fa fa-share-alt\" aria-hidden=\"true\"><\/i><\/span><small class=\"stext\">Shares<\/small><\/div><div class=\"socializer sr-popup sr-count-1 sr-count-1 sr-32px sr-circle sr-opacity sr-pad\"><span class=\"sr-facebook\"><a data-id=\"facebook\" style=\"color:#ffffff;\" rel=\"nofollow\" href=\"https:\/\/www.facebook.com\/share.php?u=\" target=\"_blank\" title=\"Share this on Facebook\"><i class=\"fab fa-facebook-f\"><\/i><span class=\"ctext\" data-wpsrs=\"\" data-wpsrs-svcs=\"facebook\"><\/span><\/a><\/span>\n<span class=\"sr-twitter\"><a data-id=\"twitter\" style=\"color:#ffffff;\" rel=\"nofollow\" href=\"https:\/\/twitter.com\/intent\/tweet?text=%20-%20%20\" target=\"_blank\" title=\"Tweet this !\"><i class=\"fab fa-twitter\"><\/i><\/a><\/span>\n<span class=\"sr-pinterest\"><a data-pin-custom=\"true\" data-id=\"pinterest\" style=\"color:#ffffff;\" rel=\"nofollow\" href=\"https:\/\/www.pinterest.com\/pin\/create\/button\/?url=&amp;media=&amp;description=\" target=\"_blank\" title=\"Submit this to Pinterest\"><i class=\"fab fa-pinterest\"><\/i><span class=\"ctext\" data-wpsrs=\"\" data-wpsrs-svcs=\"pinterest\"><\/span><\/a><\/span>\n<span class=\"sr-print\"><a data-id=\"print\" style=\"color:#ffffff;\" rel=\"nofollow\" href=\"https:\/\/www.printfriendly.com\/print?url=\" target=\"_blank\" title=\"Print this article \"><i class=\"fa fa-print\"><\/i><\/a><\/span>\n<span class=\"sr-share-menu\"><a href=\"#\" target=\"_blank\" title=\"More share links\" style=\"color:#ffffff;\" data-metadata=\"{&quot;url&quot;:&quot;&quot;,&quot;title&quot;:&quot;&quot;,&quot;excerpt&quot;:&quot;&quot;,&quot;image&quot;:&quot;&quot;,&quot;short-url&quot;:&quot;&quot;,&quot;rss-url&quot;:&quot;https:\\\/\\\/www.cartouche-power.com\\\/en\\\/feed\\\/&quot;,&quot;comments-section&quot;:&quot;comments&quot;,&quot;raw-url&quot;:null,&quot;twitter-username&quot;:&quot;&quot;,&quot;fb-app-id&quot;:&quot;&quot;,&quot;fb-app-secret&quot;:&quot;&quot;}\"><i class=\"fa fa-plus\"><\/i><\/a><\/span><\/div><\/div><\/div>","protected":false},"excerpt":{"rendered":"<p>Comme en musique, nous avons les gammes : les gammes sont des jeux qui partagent un \u00e9l\u00e9ment particulier, voire remarquable, comme une \u00e9l\u00e9ment visuel, une s\u00e9rie, une \u00e9dition sp\u00e9ciale ou encore un \u00e9l\u00e9ment technique (collectionner toutes les cartouches de 24 &hellip; <a href=\"https:\/\/www.cartouche-power.com\/en\/sega-master-system\/les-gammes\/\">Continue reading <span class=\"meta-nav\">&rarr;<\/span><\/a><\/p>\n","protected":false},"author":3,"featured_media":0,"parent":3,"menu_order":0,"comment_status":"open","ping_status":"closed","template":"showcase.php","meta":[],"translation":{"provider":"WPGlobus","version":"2.12.2","language":"en","enabled_languages":["fr","en"],"languages":{"fr":{"title":true,"content":true,"excerpt":false},"en":{"title":false,"content":false,"excerpt":false}}},"_links":{"self":[{"href":"https:\/\/www.cartouche-power.com\/en\/wp-json\/wp\/v2\/pages\/210"}],"collection":[{"href":"https:\/\/www.cartouche-power.com\/en\/wp-json\/wp\/v2\/pages"}],"about":[{"href":"https:\/\/www.cartouche-power.com\/en\/wp-json\/wp\/v2\/types\/page"}],"author":[{"embeddable":true,"href":"https:\/\/www.cartouche-power.com\/en\/wp-json\/wp\/v2\/users\/3"}],"replies":[{"embeddable":true,"href":"https:\/\/www.cartouche-power.com\/en\/wp-json\/wp\/v2\/comments?post=210"}],"version-history":[{"count":52,"href":"https:\/\/www.cartouche-power.com\/en\/wp-json\/wp\/v2\/pages\/210\/revisions"}],"predecessor-version":[{"id":251,"href":"https:\/\/www.cartouche-power.com\/en\/wp-json\/wp\/v2\/pages\/210\/revisions\/251"}],"up":[{"embeddable":true,"href":"https:\/\/www.cartouche-power.com\/en\/wp-json\/wp\/v2\/pages\/3"}],"wp:attachment":[{"href":"https:\/\/www.cartouche-power.com\/en\/wp-json\/wp\/v2\/media?parent=210"}],"curies":[{"name":"wp","href":"https:\/\/api.w.org\/{rel}","templated":true}]}}