{"id":127,"date":"2008-08-06T17:35:48","date_gmt":"2008-08-06T15:35:48","guid":{"rendered":"http:\/\/www.cartouche-power.com\/?page_id=127"},"modified":"2017-03-05T19:54:38","modified_gmt":"2017-03-05T18:54:38","slug":"un-accessoire-collector-le-handle-controller-sms","status":"publish","type":"page","link":"https:\/\/www.cartouche-power.com\/en\/sega-master-system\/un-accessoire-collector-le-handle-controller-sms\/","title":{"rendered":"Un accessoire collector : le Handle Controller (SMS)"},"content":{"rendered":"<p><!-- google_ad_section_start -->Voici un accessoire qui m&#8217;a longtemps fait r\u00eaver&#8230; D\u00e9couvert au d\u00e9tour d&#8217;un catalogue de jeux Master System, le Handle Controller m&#8217;a toujours intrigu\u00e9. Comment fonctionnait-il ? Affichait-il quelque chose sur ces compteurs ? Etait-il digne des contr\u00f4leurs en bornes d&#8217;arcade ?<\/p>\n<p>La r\u00e9ponse est arriv\u00e9e en 2005, lors d&#8217;un s\u00e9jour en Angleterre, o\u00f9 j&#8217;ai pu acqu\u00e9rir le <em>pr\u00e9cieux<\/em> sur eBay.<\/p>\n<p>Le contr\u00f4leur ne bouge que sur un seul axe, en gros on peut faire gauche ou droite. Pas d&#8217;affichage mais des autocollants style &#8220;tableau de bord&#8221;. Jouer avec \u00e0 World Grand Prix est jouissif oui, mais difficile.<\/p>\n<p>Voici des photos de la b\u00eate prise sous toutes ses coutures :<\/p>\n<table cellpadding=\"0\" cellspacing=\"0\">\n<tr>\n<td><a href=\"http:\/\/www.cartouche-power.com\/wp-content\/uploads\/2008\/08\/sms_hc_0-2.jpg\"><img loading=\"lazy\" src=\"http:\/\/www.cartouche-power.com\/wp-content\/uploads\/2008\/08\/sms_hc_0-2-276x300.jpg\" alt=\"Handle Controller pour Master System\" title=\"sms_hc_0-2\" width=\"276\" height=\"300\" class=\"size-medium wp-image-129\" srcset=\"http:\/\/static.cartouche-power.com\/2008\/08\/sms_hc_0-2-276x300.jpg 276w, http:\/\/static.cartouche-power.com\/2008\/08\/sms_hc_0-2.jpg 369w\" sizes=\"(max-width: 276px) 100vw, 276px\" \/><\/a><\/td>\n<td><a href=\"http:\/\/www.cartouche-power.com\/wp-content\/uploads\/2008\/08\/sms_hc_1-2.jpg\"><img loading=\"lazy\" src=\"http:\/\/www.cartouche-power.com\/wp-content\/uploads\/2008\/08\/sms_hc_1-2-299x300.jpg\" alt=\"Handle Controller pour Master System\" title=\"sms_hc_1-2\" width=\"299\" height=\"300\" class=\"size-medium wp-image-131\" srcset=\"http:\/\/static.cartouche-power.com\/2008\/08\/sms_hc_1-2-299x300.jpg 299w, http:\/\/static.cartouche-power.com\/2008\/08\/sms_hc_1-2-150x150.jpg 150w, http:\/\/static.cartouche-power.com\/2008\/08\/sms_hc_1-2.jpg 399w\" sizes=\"(max-width: 299px) 100vw, 299px\" \/><\/a><\/td>\n<td><a href=\"http:\/\/www.cartouche-power.com\/wp-content\/uploads\/2008\/08\/sms_hc_2-2.jpg\"><img loading=\"lazy\" src=\"http:\/\/www.cartouche-power.com\/wp-content\/uploads\/2008\/08\/sms_hc_2-2-256x300.jpg\" alt=\"Handle Controller pour Master System\" title=\"sms_hc_2-2\" width=\"256\" height=\"300\" class=\"size-medium wp-image-132\" srcset=\"http:\/\/static.cartouche-power.com\/2008\/08\/sms_hc_2-2-256x300.jpg 256w, http:\/\/static.cartouche-power.com\/2008\/08\/sms_hc_2-2.jpg 342w\" sizes=\"(max-width: 256px) 100vw, 256px\" \/><\/a><\/td>\n<\/tr>\n<tr>\n<td><a href=\"http:\/\/www.cartouche-power.com\/wp-content\/uploads\/2008\/08\/sms_hc_3-2.jpg\"><img loading=\"lazy\" src=\"http:\/\/www.cartouche-power.com\/wp-content\/uploads\/2008\/08\/sms_hc_3-2-284x300.jpg\" alt=\"Handle Controller pour Master System\" title=\"sms_hc_3-2\" width=\"284\" height=\"300\" class=\"size-medium wp-image-137\" srcset=\"http:\/\/static.cartouche-power.com\/2008\/08\/sms_hc_3-2-284x300.jpg 284w, http:\/\/static.cartouche-power.com\/2008\/08\/sms_hc_3-2.jpg 379w\" sizes=\"(max-width: 284px) 100vw, 284px\" \/><\/a><\/td>\n<td><a href=\"http:\/\/www.cartouche-power.com\/wp-content\/uploads\/2008\/08\/sms_hc_4-2.jpg\"><img loading=\"lazy\" src=\"http:\/\/www.cartouche-power.com\/wp-content\/uploads\/2008\/08\/sms_hc_4-2-249x300.jpg\" alt=\"Handle Controller pour Master System\" title=\"sms_hc_4-2\" width=\"249\" height=\"300\" class=\"size-medium wp-image-138\" srcset=\"http:\/\/static.cartouche-power.com\/2008\/08\/sms_hc_4-2-249x300.jpg 249w, http:\/\/static.cartouche-power.com\/2008\/08\/sms_hc_4-2.jpg 333w\" sizes=\"(max-width: 249px) 100vw, 249px\" \/><\/a><\/td>\n<td><a href=\"http:\/\/www.cartouche-power.com\/wp-content\/uploads\/2008\/08\/sms_hc_7-2.jpg\"><img loading=\"lazy\" src=\"http:\/\/www.cartouche-power.com\/wp-content\/uploads\/2008\/08\/sms_hc_7-2-246x300.jpg\" alt=\"Handle Controller pour Master System\" title=\"sms_hc_7-2\" width=\"246\" height=\"300\" class=\"size-medium wp-image-142\" srcset=\"http:\/\/static.cartouche-power.com\/2008\/08\/sms_hc_7-2-246x300.jpg 246w, http:\/\/static.cartouche-power.com\/2008\/08\/sms_hc_7-2.jpg 328w\" sizes=\"(max-width: 246px) 100vw, 246px\" \/><\/a><\/td>\n<\/tr>\n<tr>\n<td><a href=\"http:\/\/www.cartouche-power.com\/wp-content\/uploads\/2008\/08\/sms_hc_6-2.jpg\"><img loading=\"lazy\" src=\"http:\/\/www.cartouche-power.com\/wp-content\/uploads\/2008\/08\/sms_hc_6-2-255x300.jpg\" alt=\"Handle Controller pour Master System\" title=\"sms_hc_6-2\" width=\"255\" height=\"300\" class=\"size-medium wp-image-141\" srcset=\"http:\/\/static.cartouche-power.com\/2008\/08\/sms_hc_6-2-255x300.jpg 255w, http:\/\/static.cartouche-power.com\/2008\/08\/sms_hc_6-2.jpg 341w\" sizes=\"(max-width: 255px) 100vw, 255px\" \/><\/a><\/td>\n<td><a href=\"http:\/\/www.cartouche-power.com\/wp-content\/uploads\/2008\/08\/sms_hc_5-2.jpg\"><img loading=\"lazy\" src=\"http:\/\/www.cartouche-power.com\/wp-content\/uploads\/2008\/08\/sms_hc_5-2-300x225.jpg\" alt=\"Handle Controller pour Master System\" title=\"sms_hc_5-2\" width=\"300\" height=\"225\" class=\"size-medium wp-image-139\" srcset=\"http:\/\/static.cartouche-power.com\/2008\/08\/sms_hc_5-2-300x225.jpg 300w, http:\/\/static.cartouche-power.com\/2008\/08\/sms_hc_5-2.jpg 400w\" sizes=\"(max-width: 300px) 100vw, 300px\" \/><\/a><\/td>\n<td><a href=\"http:\/\/www.cartouche-power.com\/wp-content\/uploads\/2008\/08\/sms_hc_10-2.jpg\"><img loading=\"lazy\" src=\"http:\/\/www.cartouche-power.com\/wp-content\/uploads\/2008\/08\/sms_hc_10-2-225x300.jpg\" alt=\"Handle Controller pour Master System\" title=\"sms_hc_10-2\" width=\"225\" height=\"300\" class=\"size-medium wp-image-145\" srcset=\"http:\/\/static.cartouche-power.com\/2008\/08\/sms_hc_10-2-225x300.jpg 225w, http:\/\/static.cartouche-power.com\/2008\/08\/sms_hc_10-2.jpg 300w\" sizes=\"(max-width: 225px) 100vw, 225px\" \/><\/a><\/td>\n<\/tr>\n<tr>\n<td><a href=\"http:\/\/www.cartouche-power.com\/wp-content\/uploads\/2008\/08\/sms_hc_9-2.jpg\"><img loading=\"lazy\" src=\"http:\/\/www.cartouche-power.com\/wp-content\/uploads\/2008\/08\/sms_hc_9-2-300x241.jpg\" alt=\"Handle Controller pour Master System\" title=\"sms_hc_9-2\" width=\"300\" height=\"241\" class=\"size-medium wp-image-144\" srcset=\"http:\/\/static.cartouche-power.com\/2008\/08\/sms_hc_9-2-300x241.jpg 300w, http:\/\/static.cartouche-power.com\/2008\/08\/sms_hc_9-2.jpg 400w\" sizes=\"(max-width: 300px) 100vw, 300px\" \/><\/a><\/td>\n<td><a href=\"http:\/\/www.cartouche-power.com\/wp-content\/uploads\/2008\/08\/sms_hc_8-2.jpg\"><img loading=\"lazy\" src=\"http:\/\/www.cartouche-power.com\/wp-content\/uploads\/2008\/08\/sms_hc_8-2-300x283.jpg\" alt=\"Handle Controller pour Master System\" title=\"sms_hc_8-2\" width=\"300\" height=\"283\" class=\"size-medium wp-image-143\" srcset=\"http:\/\/static.cartouche-power.com\/2008\/08\/sms_hc_8-2-300x283.jpg 300w, http:\/\/static.cartouche-power.com\/2008\/08\/sms_hc_8-2.jpg 400w\" sizes=\"(max-width: 300px) 100vw, 300px\" \/><\/a><\/td>\n<td>\u00a0<\/td>\n<\/tr>\n<\/table>\n<div class=\"wp-socializer wpsr-share-icons\" data-lg-action=\"show\" data-sm-action=\"show\" data-sm-width=\"768\"><h3>Share and Enjoy !<\/h3><div class=\"wpsr-si-inner\"><div class=\"wpsr-counter wpsrc-sz-32px\" style=\"color:#000\"><span class=\"scount\" data-wpsrs=\"\" data-wpsrs-svcs=\"facebook,twitter,pinterest,print\"><i class=\"fa fa-share-alt\" aria-hidden=\"true\"><\/i><\/span><small class=\"stext\">Shares<\/small><\/div><div class=\"socializer sr-popup sr-count-1 sr-count-1 sr-32px sr-circle sr-opacity sr-pad\"><span class=\"sr-facebook\"><a data-id=\"facebook\" style=\"color:#ffffff;\" rel=\"nofollow\" href=\"https:\/\/www.facebook.com\/share.php?u=\" target=\"_blank\" title=\"Share this on Facebook\"><i class=\"fab fa-facebook-f\"><\/i><span class=\"ctext\" data-wpsrs=\"\" data-wpsrs-svcs=\"facebook\"><\/span><\/a><\/span>\n<span class=\"sr-twitter\"><a data-id=\"twitter\" style=\"color:#ffffff;\" rel=\"nofollow\" href=\"https:\/\/twitter.com\/intent\/tweet?text=%20-%20%20\" target=\"_blank\" title=\"Tweet this !\"><i class=\"fab fa-twitter\"><\/i><\/a><\/span>\n<span class=\"sr-pinterest\"><a data-pin-custom=\"true\" data-id=\"pinterest\" style=\"color:#ffffff;\" rel=\"nofollow\" href=\"https:\/\/www.pinterest.com\/pin\/create\/button\/?url=&amp;media=&amp;description=\" target=\"_blank\" title=\"Submit this to Pinterest\"><i class=\"fab fa-pinterest\"><\/i><span class=\"ctext\" data-wpsrs=\"\" data-wpsrs-svcs=\"pinterest\"><\/span><\/a><\/span>\n<span class=\"sr-print\"><a data-id=\"print\" style=\"color:#ffffff;\" rel=\"nofollow\" href=\"https:\/\/www.printfriendly.com\/print?url=\" target=\"_blank\" title=\"Print this article \"><i class=\"fa fa-print\"><\/i><\/a><\/span>\n<span class=\"sr-share-menu\"><a href=\"#\" target=\"_blank\" title=\"More share links\" style=\"color:#ffffff;\" data-metadata=\"{&quot;url&quot;:&quot;&quot;,&quot;title&quot;:&quot;&quot;,&quot;excerpt&quot;:&quot;&quot;,&quot;image&quot;:&quot;&quot;,&quot;short-url&quot;:&quot;&quot;,&quot;rss-url&quot;:&quot;https:\\\/\\\/www.cartouche-power.com\\\/en\\\/feed\\\/&quot;,&quot;comments-section&quot;:&quot;comments&quot;,&quot;raw-url&quot;:null,&quot;twitter-username&quot;:&quot;&quot;,&quot;fb-app-id&quot;:&quot;&quot;,&quot;fb-app-secret&quot;:&quot;&quot;}\"><i class=\"fa fa-plus\"><\/i><\/a><\/span><\/div><\/div><\/div>","protected":false},"excerpt":{"rendered":"<p>Voici un accessoire qui m&#8217;a longtemps fait r\u00eaver&#8230; D\u00e9couvert au d\u00e9tour d&#8217;un catalogue de jeux Master System, le Handle Controller m&#8217;a toujours intrigu\u00e9. Comment fonctionnait-il ? Affichait-il quelque chose sur ces compteurs ? Etait-il digne des contr\u00f4leurs en bornes d&#8217;arcade &hellip; <a href=\"https:\/\/www.cartouche-power.com\/en\/sega-master-system\/un-accessoire-collector-le-handle-controller-sms\/\">Continue reading <span class=\"meta-nav\">&rarr;<\/span><\/a><\/p>\n","protected":false},"author":1,"featured_media":0,"parent":3,"menu_order":1,"comment_status":"open","ping_status":"closed","template":"showcase.php","meta":[],"translation":{"provider":"WPGlobus","version":"2.12.2","language":"en","enabled_languages":["fr","en"],"languages":{"fr":{"title":true,"content":true,"excerpt":false},"en":{"title":false,"content":false,"excerpt":false}}},"_links":{"self":[{"href":"https:\/\/www.cartouche-power.com\/en\/wp-json\/wp\/v2\/pages\/127"}],"collection":[{"href":"https:\/\/www.cartouche-power.com\/en\/wp-json\/wp\/v2\/pages"}],"about":[{"href":"https:\/\/www.cartouche-power.com\/en\/wp-json\/wp\/v2\/types\/page"}],"author":[{"embeddable":true,"href":"https:\/\/www.cartouche-power.com\/en\/wp-json\/wp\/v2\/users\/1"}],"replies":[{"embeddable":true,"href":"https:\/\/www.cartouche-power.com\/en\/wp-json\/wp\/v2\/comments?post=127"}],"version-history":[{"count":15,"href":"https:\/\/www.cartouche-power.com\/en\/wp-json\/wp\/v2\/pages\/127\/revisions"}],"predecessor-version":[{"id":140,"href":"https:\/\/www.cartouche-power.com\/en\/wp-json\/wp\/v2\/pages\/127\/revisions\/140"}],"up":[{"embeddable":true,"href":"https:\/\/www.cartouche-power.com\/en\/wp-json\/wp\/v2\/pages\/3"}],"wp:attachment":[{"href":"https:\/\/www.cartouche-power.com\/en\/wp-json\/wp\/v2\/media?parent=127"}],"curies":[{"name":"wp","href":"https:\/\/api.w.org\/{rel}","templated":true}]}}