{"id":1214,"date":"2009-12-21T15:15:22","date_gmt":"2009-12-21T13:15:22","guid":{"rendered":"http:\/\/www.cartouche-power.com\/?page_id=1214"},"modified":"2020-08-19T17:54:42","modified_gmt":"2020-08-19T15:54:42","slug":"neo-geo","status":"publish","type":"page","link":"https:\/\/www.cartouche-power.com\/en\/neo-geo\/","title":{"rendered":"Neo Geo"},"content":{"rendered":"<p>Cette section regroupe toutes les ressources disponibles pour la l\u00e9gendaire Neo Geo, de SNK (aussi appel\u00e9e AES). Elle s&#8217;articule essentiellement autour de la <em><strong><a href=\"http:\/\/www.cartouche-power.com\/neo-geo\/listing-denicheur\/\">Biblio<\/a><\/strong><\/em>, c&#8217;est-\u00e0-dire la liste exhaustive des jeux Neo Geo sortis dans le monde (la liste n&#8217;est pas encore compl\u00e8te, le travail continue), et quelques articles pr\u00e9sentant des accessoires, des \u00e9ditions de jeux ou encore des informations techniques.<\/p>\n<p style=\"margin-top:25px;margin-bottom:15px;\"><strong>Vous procurer la console<\/strong><\/p>\n<p>Pour vous procurer la Neo Geo, je vous conseille d&#8217;aller faire un tour sur <strong>eBay<\/strong> <a href=\"https:\/\/rover.ebay.com\/rover\/1\/709-53476-19255-0\/1?mpre=https%3A%2F%2Fwww.ebay.fr%2Fsch%2Fi.html%3F_from%3DR40%26_trksid%3Dp2334524.m570.l1313%26_nkw%3Dconsole%2Bneo%2Bgeo%2BAES%26_sacat%3D139971%26LH_TitleDesc%3D0%26_osacat%3D139971%26_odkw%3Dneo%2Bgeo%2BAES&#038;campid=5337838159&#038;toolid=10001&#038;customid=Neo Geo\" target=\"_blank\">ici<\/a>. Oui, les prix piquent&#8230;<\/p>\n<p style=\"margin-top:25px;margin-bottom:15px;\"><strong>Vous procurer les jeux<\/strong><\/p>\n<p>Le <a href=\"http:\/\/www.cartouche-power.com\/neo-geo\/listing-denicheur-neo-geo\/\">d\u00e9nicheur<\/a> scanne pour vous le web : si vous \u00eates \u00e0 la recherche d&#8217;un jeu pr\u00e9cis, utilisez-le !<\/p>\n<div class=\"wp-socializer wpsr-share-icons\" data-lg-action=\"show\" data-sm-action=\"show\" data-sm-width=\"768\"><h3>Share and Enjoy !<\/h3><div class=\"wpsr-si-inner\"><div class=\"wpsr-counter wpsrc-sz-32px\" style=\"color:#000\"><span class=\"scount\" data-wpsrs=\"\" data-wpsrs-svcs=\"facebook,twitter,pinterest,print\"><i class=\"fa fa-share-alt\" aria-hidden=\"true\"><\/i><\/span><small class=\"stext\">Shares<\/small><\/div><div class=\"socializer sr-popup sr-count-1 sr-count-1 sr-32px sr-circle sr-opacity sr-pad\"><span class=\"sr-facebook\"><a data-id=\"facebook\" style=\"color:#ffffff;\" rel=\"nofollow\" href=\"https:\/\/www.facebook.com\/share.php?u=\" target=\"_blank\" title=\"Share this on Facebook\"><i class=\"fab fa-facebook-f\"><\/i><span class=\"ctext\" data-wpsrs=\"\" data-wpsrs-svcs=\"facebook\"><\/span><\/a><\/span>\n<span class=\"sr-twitter\"><a data-id=\"twitter\" style=\"color:#ffffff;\" rel=\"nofollow\" href=\"https:\/\/twitter.com\/intent\/tweet?text=%20-%20%20\" target=\"_blank\" title=\"Tweet this !\"><i class=\"fab fa-twitter\"><\/i><\/a><\/span>\n<span class=\"sr-pinterest\"><a data-pin-custom=\"true\" data-id=\"pinterest\" style=\"color:#ffffff;\" rel=\"nofollow\" href=\"https:\/\/www.pinterest.com\/pin\/create\/button\/?url=&amp;media=&amp;description=\" target=\"_blank\" title=\"Submit this to Pinterest\"><i class=\"fab fa-pinterest\"><\/i><span class=\"ctext\" data-wpsrs=\"\" data-wpsrs-svcs=\"pinterest\"><\/span><\/a><\/span>\n<span class=\"sr-print\"><a data-id=\"print\" style=\"color:#ffffff;\" rel=\"nofollow\" href=\"https:\/\/www.printfriendly.com\/print?url=\" target=\"_blank\" title=\"Print this article \"><i class=\"fa fa-print\"><\/i><\/a><\/span>\n<span class=\"sr-share-menu\"><a href=\"#\" target=\"_blank\" title=\"More share links\" style=\"color:#ffffff;\" data-metadata=\"{&quot;url&quot;:&quot;&quot;,&quot;title&quot;:&quot;&quot;,&quot;excerpt&quot;:&quot;&quot;,&quot;image&quot;:&quot;&quot;,&quot;short-url&quot;:&quot;&quot;,&quot;rss-url&quot;:&quot;https:\\\/\\\/www.cartouche-power.com\\\/en\\\/feed\\\/&quot;,&quot;comments-section&quot;:&quot;comments&quot;,&quot;raw-url&quot;:null,&quot;twitter-username&quot;:&quot;&quot;,&quot;fb-app-id&quot;:&quot;&quot;,&quot;fb-app-secret&quot;:&quot;&quot;}\"><i class=\"fa fa-plus\"><\/i><\/a><\/span><\/div><\/div><\/div>","protected":false},"excerpt":{"rendered":"<p>Cette section regroupe toutes les ressources disponibles pour la l\u00e9gendaire Neo Geo, de SNK (aussi appel\u00e9e AES). Elle s&#8217;articule essentiellement autour de la Biblio, c&#8217;est-\u00e0-dire la liste exhaustive des jeux Neo Geo sortis dans le monde (la liste n&#8217;est pas &hellip; <a href=\"https:\/\/www.cartouche-power.com\/en\/neo-geo\/\">Continue reading <span class=\"meta-nav\">&rarr;<\/span><\/a><\/p>\n","protected":false},"author":1,"featured_media":0,"parent":0,"menu_order":0,"comment_status":"open","ping_status":"closed","template":"","meta":[],"translation":{"provider":"WPGlobus","version":"2.12.2","language":"en","enabled_languages":["fr","en"],"languages":{"fr":{"title":true,"content":true,"excerpt":false},"en":{"title":false,"content":false,"excerpt":false}}},"_links":{"self":[{"href":"https:\/\/www.cartouche-power.com\/en\/wp-json\/wp\/v2\/pages\/1214"}],"collection":[{"href":"https:\/\/www.cartouche-power.com\/en\/wp-json\/wp\/v2\/pages"}],"about":[{"href":"https:\/\/www.cartouche-power.com\/en\/wp-json\/wp\/v2\/types\/page"}],"author":[{"embeddable":true,"href":"https:\/\/www.cartouche-power.com\/en\/wp-json\/wp\/v2\/users\/1"}],"replies":[{"embeddable":true,"href":"https:\/\/www.cartouche-power.com\/en\/wp-json\/wp\/v2\/comments?post=1214"}],"version-history":[{"count":9,"href":"https:\/\/www.cartouche-power.com\/en\/wp-json\/wp\/v2\/pages\/1214\/revisions"}],"predecessor-version":[{"id":1736,"href":"https:\/\/www.cartouche-power.com\/en\/wp-json\/wp\/v2\/pages\/1214\/revisions\/1736"}],"wp:attachment":[{"href":"https:\/\/www.cartouche-power.com\/en\/wp-json\/wp\/v2\/media?parent=1214"}],"curies":[{"name":"wp","href":"https:\/\/api.w.org\/{rel}","templated":true}]}}