{"id":1066,"date":"2017-03-06T16:47:25","date_gmt":"2017-03-06T15:47:25","guid":{"rendered":"http:\/\/www.cartouche-power.com\/?page_id=1066"},"modified":"2017-03-06T17:08:57","modified_gmt":"2017-03-06T16:08:57","slug":"prototypes-beta-jeux-annules","status":"publish","type":"page","link":"https:\/\/www.cartouche-power.com\/en\/sega-master-system\/prototypes-beta-jeux-annules\/","title":{"rendered":"Prototypes, beta and unreleased games"},"content":{"rendered":"<p>La Master System poss\u00e8de aussi ses jeux perdus, annul\u00e9s, secrets. Je me propose de les lister ici.<\/p>\n<p><strong>Freedom Fighter<\/strong> (Europe) : ce jeu existe bel et bien mais sous le nom d&#8217;<em>Aerial Assault<\/em>. Le freedom fighter est le nom de l&#8217;avion de combat que pilote le joueur dans ce jeu. Cette r\u00e9f\u00e9rence a \u00e9t\u00e9 trouv\u00e9e dans les listings d&#8217;un magasin dans un encart pub d&#8217;un vieux num\u00e9ro de Consoles+. Il s&#8217;agit probablement du nom initial du jeu.<\/p>\n<p><strong>Dinobasher<\/strong> (Europe) : ce jeu du studio Codemasters n&#8217;a jamais \u00e9t\u00e9 commercialis\u00e9. Il a cependant \u00e9t\u00e9 test\u00e9 par quelques magasines, notamment anglais, qui le trouv\u00e8rent tr\u00e8s m\u00e9diocre, condamnant certainement sa sortie en 1993, \u00e0 la toute fin de l&#8217;\u00e8re 8 bits. La ROM a \u00e9t\u00e9 trouv\u00e9e, et des prototypes de jaquette aussi.<br \/>\n<img loading=\"lazy\" src=\"http:\/\/static.cartouche-power.com\/2017\/03\/SMS_-_Prototype_-_Dinobasher_starring_Bignose_the_Caveman_UE_cartridge-300x225.jpg\" alt=\"Cartouche SMS Dinobasher (prototype)\" width=\"300\" height=\"225\" class=\"aligncenter size-medium wp-image-1651\" srcset=\"http:\/\/static.cartouche-power.com\/2017\/03\/SMS_-_Prototype_-_Dinobasher_starring_Bignose_the_Caveman_UE_cartridge-300x225.jpg 300w, http:\/\/static.cartouche-power.com\/2017\/03\/SMS_-_Prototype_-_Dinobasher_starring_Bignose_the_Caveman_UE_cartridge-400x300.jpg 400w, http:\/\/static.cartouche-power.com\/2017\/03\/SMS_-_Prototype_-_Dinobasher_starring_Bignose_the_Caveman_UE_cartridge.jpg 640w\" sizes=\"(max-width: 300px) 100vw, 300px\" \/><br \/>\n<img loading=\"lazy\" src=\"http:\/\/static.cartouche-power.com\/2017\/03\/SMS_-_Prototype_-_Dinobasher_starring_Bignose_the_Caveman_UE-1024x656.png\" alt=\"\" width=\"584\" height=\"374\" class=\"aligncenter size-large wp-image-1648\" srcset=\"http:\/\/static.cartouche-power.com\/2017\/03\/SMS_-_Prototype_-_Dinobasher_starring_Bignose_the_Caveman_UE-1024x656.png 1024w, http:\/\/static.cartouche-power.com\/2017\/03\/SMS_-_Prototype_-_Dinobasher_starring_Bignose_the_Caveman_UE-300x192.png 300w, http:\/\/static.cartouche-power.com\/2017\/03\/SMS_-_Prototype_-_Dinobasher_starring_Bignose_the_Caveman_UE-768x492.png 768w, http:\/\/static.cartouche-power.com\/2017\/03\/SMS_-_Prototype_-_Dinobasher_starring_Bignose_the_Caveman_UE-468x300.png 468w, http:\/\/static.cartouche-power.com\/2017\/03\/SMS_-_Prototype_-_Dinobasher_starring_Bignose_the_Caveman_UE.png 1061w\" sizes=\"(max-width: 584px) 100vw, 584px\" \/><\/p>\n<div style=\"position:relative;height:0;padding-bottom:56.21%\"><iframe loading=\"lazy\" src=\"https:\/\/www.youtube.com\/embed\/MSLFjTDq0dc?ecver=2\" style=\"position:absolute;width:100%;height:100%;left:0\" width=\"641\" height=\"360\" frameborder=\"0\" allowfullscreen><\/iframe><\/div>\n<\/p>\n<p><strong>The Godfather<\/strong> (Europe) : ce jeu a \u00e9t\u00e9 annonc\u00e9 par US Gold, et des publicit\u00e9s ont \u00e9t\u00e9 \u00e9dit\u00e9es dans la presse sp\u00e9cialis\u00e9e fran\u00e7aise, anglaise et espagnole. Un test existe dans une revue allemade. Un prototype n&#8217;a toujours pas \u00e9t\u00e9 trouv\u00e9.<\/p>\n<p><strong>Excellent Dizzy<\/strong> (Europe) : ce jeu a \u00e9t\u00e9 d\u00e9velopp\u00e9 en parall\u00e8le de la version Megadrive et Game Gear, mais n&#8217;est jamais sorti officiellement (comme la version Game Gear au passage). Un prototype de ce jeu cr\u00e9\u00e9 par Codemasters a \u00e9t\u00e9 trouv\u00e9 sur le net.<\/p>\n<p><strong>Hook<\/strong> (Europe) : jeu annonc\u00e9 mais jamais sorti officiellement. ROM trouvable sur le net&#8230; et conversions disponibles \ud83d\ude42<br \/>\n<img loading=\"lazy\" src=\"http:\/\/static.cartouche-power.com\/2017\/03\/SMS_-_Prototype_-_Hook_UE-300x225.jpg\" alt=\"SMS Hook (prototype)\" width=\"300\" height=\"225\" class=\"aligncenter size-medium wp-image-1657\" srcset=\"http:\/\/static.cartouche-power.com\/2017\/03\/SMS_-_Prototype_-_Hook_UE-300x225.jpg 300w, http:\/\/static.cartouche-power.com\/2017\/03\/SMS_-_Prototype_-_Hook_UE-768x576.jpg 768w, http:\/\/static.cartouche-power.com\/2017\/03\/SMS_-_Prototype_-_Hook_UE.jpg 1024w, http:\/\/static.cartouche-power.com\/2017\/03\/SMS_-_Prototype_-_Hook_UE-400x300.jpg 400w\" sizes=\"(max-width: 300px) 100vw, 300px\" \/><\/p>\n<div class=\"wp-socializer wpsr-share-icons\" data-lg-action=\"show\" data-sm-action=\"show\" data-sm-width=\"768\"><h3>Share and Enjoy !<\/h3><div class=\"wpsr-si-inner\"><div class=\"wpsr-counter wpsrc-sz-32px\" style=\"color:#000\"><span class=\"scount\" data-wpsrs=\"\" data-wpsrs-svcs=\"facebook,twitter,pinterest,print\"><i class=\"fa fa-share-alt\" aria-hidden=\"true\"><\/i><\/span><small class=\"stext\">Shares<\/small><\/div><div class=\"socializer sr-popup sr-count-1 sr-count-1 sr-32px sr-circle sr-opacity sr-pad\"><span class=\"sr-facebook\"><a data-id=\"facebook\" style=\"color:#ffffff;\" rel=\"nofollow\" href=\"https:\/\/www.facebook.com\/share.php?u=\" target=\"_blank\" title=\"Share this on Facebook\"><i class=\"fab fa-facebook-f\"><\/i><span class=\"ctext\" data-wpsrs=\"\" data-wpsrs-svcs=\"facebook\"><\/span><\/a><\/span>\n<span class=\"sr-twitter\"><a data-id=\"twitter\" style=\"color:#ffffff;\" rel=\"nofollow\" href=\"https:\/\/twitter.com\/intent\/tweet?text=%20-%20%20\" target=\"_blank\" title=\"Tweet this !\"><i class=\"fab fa-twitter\"><\/i><\/a><\/span>\n<span class=\"sr-pinterest\"><a data-pin-custom=\"true\" data-id=\"pinterest\" style=\"color:#ffffff;\" rel=\"nofollow\" href=\"https:\/\/www.pinterest.com\/pin\/create\/button\/?url=&amp;media=&amp;description=\" target=\"_blank\" title=\"Submit this to Pinterest\"><i class=\"fab fa-pinterest\"><\/i><span class=\"ctext\" data-wpsrs=\"\" data-wpsrs-svcs=\"pinterest\"><\/span><\/a><\/span>\n<span class=\"sr-print\"><a data-id=\"print\" style=\"color:#ffffff;\" rel=\"nofollow\" href=\"https:\/\/www.printfriendly.com\/print?url=\" target=\"_blank\" title=\"Print this article \"><i class=\"fa fa-print\"><\/i><\/a><\/span>\n<span class=\"sr-share-menu\"><a href=\"#\" target=\"_blank\" title=\"More share links\" style=\"color:#ffffff;\" data-metadata=\"{&quot;url&quot;:&quot;&quot;,&quot;title&quot;:&quot;&quot;,&quot;excerpt&quot;:&quot;&quot;,&quot;image&quot;:&quot;&quot;,&quot;short-url&quot;:&quot;&quot;,&quot;rss-url&quot;:&quot;https:\\\/\\\/www.cartouche-power.com\\\/en\\\/feed\\\/&quot;,&quot;comments-section&quot;:&quot;comments&quot;,&quot;raw-url&quot;:null,&quot;twitter-username&quot;:&quot;&quot;,&quot;fb-app-id&quot;:&quot;&quot;,&quot;fb-app-secret&quot;:&quot;&quot;}\"><i class=\"fa fa-plus\"><\/i><\/a><\/span><\/div><\/div><\/div>","protected":false},"excerpt":{"rendered":"<p>La Master System poss\u00e8de aussi ses jeux perdus, annul\u00e9s, secrets. Je me propose de les lister ici. Freedom Fighter (Europe) : ce jeu existe bel et bien mais sous le nom d&#8217;Aerial Assault. Le freedom fighter est le nom de &hellip; <a href=\"https:\/\/www.cartouche-power.com\/en\/sega-master-system\/prototypes-beta-jeux-annules\/\">Continue reading <span class=\"meta-nav\">&rarr;<\/span><\/a><\/p>\n","protected":false},"author":3,"featured_media":0,"parent":3,"menu_order":4,"comment_status":"open","ping_status":"closed","template":"","meta":[],"translation":{"provider":"WPGlobus","version":"2.12.2","language":"en","enabled_languages":["fr","en"],"languages":{"fr":{"title":true,"content":true,"excerpt":false},"en":{"title":true,"content":false,"excerpt":false}}},"_links":{"self":[{"href":"https:\/\/www.cartouche-power.com\/en\/wp-json\/wp\/v2\/pages\/1066"}],"collection":[{"href":"https:\/\/www.cartouche-power.com\/en\/wp-json\/wp\/v2\/pages"}],"about":[{"href":"https:\/\/www.cartouche-power.com\/en\/wp-json\/wp\/v2\/types\/page"}],"author":[{"embeddable":true,"href":"https:\/\/www.cartouche-power.com\/en\/wp-json\/wp\/v2\/users\/3"}],"replies":[{"embeddable":true,"href":"https:\/\/www.cartouche-power.com\/en\/wp-json\/wp\/v2\/comments?post=1066"}],"version-history":[{"count":17,"href":"https:\/\/www.cartouche-power.com\/en\/wp-json\/wp\/v2\/pages\/1066\/revisions"}],"predecessor-version":[{"id":1649,"href":"https:\/\/www.cartouche-power.com\/en\/wp-json\/wp\/v2\/pages\/1066\/revisions\/1649"}],"up":[{"embeddable":true,"href":"https:\/\/www.cartouche-power.com\/en\/wp-json\/wp\/v2\/pages\/3"}],"wp:attachment":[{"href":"https:\/\/www.cartouche-power.com\/en\/wp-json\/wp\/v2\/media?parent=1066"}],"curies":[{"name":"wp","href":"https:\/\/api.w.org\/{rel}","templated":true}]}}